{"id":9,"date":"2025-09-02T10:25:18","date_gmt":"2025-09-02T10:25:18","guid":{"rendered":"http:\/\/suiteautomobile.fr\/?page_id=9"},"modified":"2026-03-03T17:18:02","modified_gmt":"2026-03-03T17:18:02","slug":"accueil","status":"publish","type":"page","link":"https:\/\/www.suiteautomobile.fr\/","title":{"rendered":"SUITE AUTOMOBILE DIJON"},"content":{"rendered":"\n<div class=\"wp-block-cover alignfull\" style=\"min-height:720px;aspect-ratio:unset;\"><span aria-hidden=\"true\" class=\"wp-block-cover__background has-background-dim-100 has-background-dim has-background-gradient\" style=\"background:linear-gradient(131deg,rgb(0,0,0) 0%,rgba(0,0,0,0.54) 100%)\"><\/span><div class=\"wp-block-cover__inner-container is-layout-flow wp-block-cover-is-layout-flow\">\n<div class=\"wp-block-group is-layout-constrained wp-block-group-is-layout-constrained\">\n<div class=\"wp-block-media-text is-stacked-on-mobile is-vertically-aligned-center\" style=\"grid-template-columns:28% auto\"><figure class=\"wp-block-media-text__media\"><img loading=\"lazy\" decoding=\"async\" width=\"1024\" height=\"538\" src=\"https:\/\/www.suiteautomobile.fr\/wp-content\/uploads\/2025\/12\/Logo-suite-automobile-reduit-1024x538.png\" alt=\"\" class=\"wp-image-73 size-full\" srcset=\"https:\/\/www.suiteautomobile.fr\/wp-content\/uploads\/2025\/12\/Logo-suite-automobile-reduit-1024x538.png 1024w, https:\/\/www.suiteautomobile.fr\/wp-content\/uploads\/2025\/12\/Logo-suite-automobile-reduit-300x158.png 300w, https:\/\/www.suiteautomobile.fr\/wp-content\/uploads\/2025\/12\/Logo-suite-automobile-reduit-768x404.png 768w, https:\/\/www.suiteautomobile.fr\/wp-content\/uploads\/2025\/12\/Logo-suite-automobile-reduit-1536x807.png 1536w, https:\/\/www.suiteautomobile.fr\/wp-content\/uploads\/2025\/12\/Logo-suite-automobile-reduit.png 1956w\" sizes=\"auto, (max-width: 1024px) 100vw, 1024px\" \/><\/figure><div class=\"wp-block-media-text__content\">\n<p><\/p>\n<\/div><\/div>\n<\/div>\n\n\n\n<div class=\"inherit-container-width wp-block-group alignwide is-layout-constrained wp-block-group-is-layout-constrained\">\n<div class=\"wp-block-cover alignwide\" style=\"min-height:717px;aspect-ratio:unset;\"><img loading=\"lazy\" decoding=\"async\" width=\"2016\" height=\"1512\" class=\"wp-block-cover__image-background wp-image-144 size-full\" alt=\"\" src=\"https:\/\/www.suiteautomobile.fr\/wp-content\/uploads\/2026\/02\/Photo-8.jpeg\" data-object-fit=\"cover\" srcset=\"https:\/\/www.suiteautomobile.fr\/wp-content\/uploads\/2026\/02\/Photo-8.jpeg 2016w, https:\/\/www.suiteautomobile.fr\/wp-content\/uploads\/2026\/02\/Photo-8-300x225.jpeg 300w, https:\/\/www.suiteautomobile.fr\/wp-content\/uploads\/2026\/02\/Photo-8-1024x768.jpeg 1024w, https:\/\/www.suiteautomobile.fr\/wp-content\/uploads\/2026\/02\/Photo-8-768x576.jpeg 768w, https:\/\/www.suiteautomobile.fr\/wp-content\/uploads\/2026\/02\/Photo-8-1536x1152.jpeg 1536w\" sizes=\"auto, (max-width: 2016px) 100vw, 2016px\" \/><span aria-hidden=\"true\" class=\"wp-block-cover__background has-background-dim\" style=\"background-color:#787e7e\"><\/span><div class=\"wp-block-cover__inner-container is-layout-flow wp-block-cover-is-layout-flow\">\n<p class=\"has-text-align-center has-ast-global-color-5-color has-text-color has-link-color wp-elements-e0e5dd1c29c0351ddcd3e2c7fc341ef8\" style=\"font-size:30px\"><em>Besoin de vendre votre voiture ? <br>On s&rsquo;occupe de tout !<\/em><\/p>\n\n\n\n<p class=\"has-ast-global-color-5-color has-text-color has-link-color wp-elements-9d242b122c693b64f074c504cda40426\" style=\"font-size:22px\">\ud83d\udc49 Notre mission : Faire de la vente de v\u00e9hicules d\u2019occasion une exp\u00e9rience simple, rapide et s\u00fbre.<\/p>\n\n\n\n<p class=\"has-ast-global-color-5-color has-text-color has-link-color wp-elements-9b10e79450dbd7c216beb6ae74a97ae5\" style=\"font-size:22px\">Nous nous occupons de tout !<\/p>\n\n\n\n<p class=\"has-ast-global-color-5-color has-text-color has-link-color wp-elements-52e7e215d9c147d8d2aa32508726208d\" style=\"font-size:22px\">Nous contacter :<\/p>\n\n\n\n<p class=\"has-white-color has-text-color has-link-color wp-elements-ff8976684bcac8a488624d2909fd664d\" style=\"font-size:22px\">Tel :  03 80 42 89 43<\/p>\n\n\n\n<p class=\"has-ast-global-color-5-color has-text-color has-link-color wp-elements-07763889c6fce8ce9590dd58208d86ad\" style=\"font-size:22px\">Email : dijon@suiteautomobile.fr<\/p>\n\n\n\n<p class=\"has-ast-global-color-5-color has-text-color has-link-color wp-elements-7784858647280f8b9bbf785937c87264\">Rue du 8 Mai 1945, 21160 Couchey<\/p>\n<\/div><\/div>\n<\/div>\n<\/div><\/div>\n\n\n\n<div class=\"wp-block-group alignfull is-layout-constrained wp-container-core-group-is-layout-45b0ac4f wp-block-group-is-layout-constrained\" id=\"services\" style=\"padding-top:144px;padding-bottom:0px\">\n<div class=\"wp-block-media-text has-media-on-the-right is-stacked-on-mobile is-vertically-aligned-center\"><div class=\"wp-block-media-text__content\">\n<p style=\"font-size:24px\"><strong>Suite Automobile \u2013 Votre interm\u00e9diaire de confiance pour l&rsquo;achat ou la vente de voitures d\u2019occasion.<\/strong><\/p>\n\n\n\n<p>Acheter ou vendre une voiture d\u2019occasion peut vite devenir compliqu\u00e9 : d\u00e9marches administratives, contr\u00f4les techniques, n\u00e9gociations, risques de fraude\u2026 Chez Suite Automobile, nous simplifions tout ce processus en nous occupant de chaque \u00e9tape pour vous.<\/p>\n<\/div><figure class=\"wp-block-media-text__media\"><img loading=\"lazy\" decoding=\"async\" width=\"1024\" height=\"768\" src=\"https:\/\/www.suiteautomobile.fr\/wp-content\/uploads\/2026\/02\/Photo-3-Copie-1024x768.jpeg\" alt=\"\" class=\"wp-image-153 size-full\" srcset=\"https:\/\/www.suiteautomobile.fr\/wp-content\/uploads\/2026\/02\/Photo-3-Copie-1024x768.jpeg 1024w, https:\/\/www.suiteautomobile.fr\/wp-content\/uploads\/2026\/02\/Photo-3-Copie-300x225.jpeg 300w, https:\/\/www.suiteautomobile.fr\/wp-content\/uploads\/2026\/02\/Photo-3-Copie-768x576.jpeg 768w, https:\/\/www.suiteautomobile.fr\/wp-content\/uploads\/2026\/02\/Photo-3-Copie-1536x1152.jpeg 1536w, https:\/\/www.suiteautomobile.fr\/wp-content\/uploads\/2026\/02\/Photo-3-Copie.jpeg 2016w\" sizes=\"auto, (max-width: 1024px) 100vw, 1024px\" \/><\/figure><\/div>\n\n\n\n<div class=\"wp-block-media-text is-stacked-on-mobile is-vertically-aligned-center\"><figure class=\"wp-block-media-text__media\"><img loading=\"lazy\" decoding=\"async\" width=\"1024\" height=\"768\" src=\"https:\/\/www.suiteautomobile.fr\/wp-content\/uploads\/2026\/02\/Photo-10-1024x768.jpeg\" alt=\"\" class=\"wp-image-140 size-full\" srcset=\"https:\/\/www.suiteautomobile.fr\/wp-content\/uploads\/2026\/02\/Photo-10-1024x768.jpeg 1024w, https:\/\/www.suiteautomobile.fr\/wp-content\/uploads\/2026\/02\/Photo-10-300x225.jpeg 300w, https:\/\/www.suiteautomobile.fr\/wp-content\/uploads\/2026\/02\/Photo-10-768x576.jpeg 768w, https:\/\/www.suiteautomobile.fr\/wp-content\/uploads\/2026\/02\/Photo-10-1536x1152.jpeg 1536w, https:\/\/www.suiteautomobile.fr\/wp-content\/uploads\/2026\/02\/Photo-10.jpeg 2016w\" sizes=\"auto, (max-width: 1024px) 100vw, 1024px\" \/><\/figure><div class=\"wp-block-media-text__content\">\n<p style=\"font-size:24px\">Comment \u00e7a fonctionne ? :<\/p>\n\n\n\n<p>\u2022 Estimation du v\u00e9hicule : Mise en annonce du v\u00e9hicule sur nos supports en tant que professionnel, dossier complet de votre v\u00e9hicule accompagn\u00e9 d&rsquo;une garantie de 3 \u00e0 6 mois pour la vente. <\/p>\n\n\n\n<p>\u2022 Essais : Afin de vous garantir une exp\u00e9rience en toute s\u00e9r\u00e9nit\u00e9, nous s\u00e9curisons l&rsquo;essais gr\u00e2ce a nos formalit\u00e9s administratives.<\/p>\n\n\n\n<p>\u2022 Vente du v\u00e9hicule : D\u00e9marches administratives, cession du v\u00e9hicule et carte grise, paiement s\u00e9curis\u00e9 via un compte s\u00e9questre et propositions de garanties suppl\u00e9mentaires pour l&rsquo;acheteur.<\/p>\n<\/div><\/div>\n<\/div>\n\n\n\n<div class=\"wp-block-group alignfull is-layout-constrained wp-container-core-group-is-layout-45b0ac4f wp-block-group-is-layout-constrained\" id=\"services\" style=\"padding-top:144px;padding-bottom:0px\">\n<div class=\"wp-block-media-text has-media-on-the-right is-stacked-on-mobile is-vertically-aligned-center\"><div class=\"wp-block-media-text__content\">\n<p style=\"font-size:24px\">Avec Suite Automobile, plus de stress ni de perte de temps : vous b\u00e9n\u00e9ficiez d\u2019un service  qui s\u00e9curise vos transactions et vous fait gagner en tranquillit\u00e9.<\/p>\n<\/div><figure class=\"wp-block-media-text__media\"><img loading=\"lazy\" decoding=\"async\" width=\"1024\" height=\"768\" src=\"https:\/\/www.suiteautomobile.fr\/wp-content\/uploads\/2026\/02\/IMG_6438-1024x768.jpeg\" alt=\"\" class=\"wp-image-125 size-full\" srcset=\"https:\/\/www.suiteautomobile.fr\/wp-content\/uploads\/2026\/02\/IMG_6438-1024x768.jpeg 1024w, https:\/\/www.suiteautomobile.fr\/wp-content\/uploads\/2026\/02\/IMG_6438-300x225.jpeg 300w, https:\/\/www.suiteautomobile.fr\/wp-content\/uploads\/2026\/02\/IMG_6438-768x576.jpeg 768w, https:\/\/www.suiteautomobile.fr\/wp-content\/uploads\/2026\/02\/IMG_6438-1536x1152.jpeg 1536w, https:\/\/www.suiteautomobile.fr\/wp-content\/uploads\/2026\/02\/IMG_6438-2048x1536.jpeg 2048w\" sizes=\"auto, (max-width: 1024px) 100vw, 1024px\" \/><\/figure><\/div>\n<\/div>\n\n\n\n<p><\/p>\n","protected":false},"excerpt":{"rendered":"<p>Suite Automobile \u2013 Votre interm\u00e9diaire de confiance pour l&rsquo;achat ou la vente de voitures d\u2019occasion. Acheter ou vendre une voiture [&hellip;]<\/p>\n","protected":false},"author":1,"featured_media":0,"parent":0,"menu_order":0,"comment_status":"closed","ping_status":"closed","template":"","meta":{"site-sidebar-layout":"no-sidebar","site-content-layout":"plain-container","ast-site-content-layout":"default","site-content-style":"default","site-sidebar-style":"default","ast-global-header-display":"","ast-banner-title-visibility":"","ast-main-header-display":"","ast-hfb-above-header-display":"","ast-hfb-below-header-display":"","ast-hfb-mobile-header-display":"","site-post-title":"disabled","ast-breadcrumbs-content":"","ast-featured-img":"","footer-sml-layout":"","ast-disable-related-posts":"","theme-transparent-header-meta":"enabled","adv-header-id-meta":"","stick-header-meta":"","header-above-stick-meta":"","header-main-stick-meta":"","header-below-stick-meta":"","astra-migrate-meta-layouts":"default","ast-page-background-enabled":"default","ast-page-background-meta":{"desktop":{"background-color":"var(--ast-global-color-5)","background-image":"","background-repeat":"repeat","background-position":"center center","background-size":"auto","background-attachment":"scroll","background-type":"","background-media":"","overlay-type":"","overlay-color":"","overlay-opacity":"","overlay-gradient":""},"tablet":{"background-color":"","background-image":"","background-repeat":"repeat","background-position":"center center","background-size":"auto","background-attachment":"scroll","background-type":"","background-media":"","overlay-type":"","overlay-color":"","overlay-opacity":"","overlay-gradient":""},"mobile":{"background-color":"","background-image":"","background-repeat":"repeat","background-position":"center center","background-size":"auto","background-attachment":"scroll","background-type":"","background-media":"","overlay-type":"","overlay-color":"","overlay-opacity":"","overlay-gradient":""}},"ast-content-background-meta":{"desktop":{"background-color":"var(--ast-global-color-4)","background-image":"","background-repeat":"repeat","background-position":"center center","background-size":"auto","background-attachment":"scroll","background-type":"","background-media":"","overlay-type":"","overlay-color":"","overlay-opacity":"","overlay-gradient":""},"tablet":{"background-color":"var(--ast-global-color-4)","background-image":"","background-repeat":"repeat","background-position":"center center","background-size":"auto","background-attachment":"scroll","background-type":"","background-media":"","overlay-type":"","overlay-color":"","overlay-opacity":"","overlay-gradient":""},"mobile":{"background-color":"var(--ast-global-color-4)","background-image":"","background-repeat":"repeat","background-position":"center center","background-size":"auto","background-attachment":"scroll","background-type":"","background-media":"","overlay-type":"","overlay-color":"","overlay-opacity":"","overlay-gradient":""}},"footnotes":""},"class_list":["post-9","page","type-page","status-publish","hentry"],"yoast_head":"<!-- This site is optimized with the Yoast SEO plugin v26.8 - https:\/\/yoast.com\/product\/yoast-seo-wordpress\/ -->\n<title>SUITE AUTOMOBILE DIJON - Suite Automobile Dijon<\/title>\n<meta name=\"description\" content=\"vendre acheter voiture occasion dijon\" \/>\n<meta name=\"robots\" content=\"index, follow, max-snippet:-1, max-image-preview:large, max-video-preview:-1\" \/>\n<link rel=\"canonical\" href=\"https:\/\/www.suiteautomobile.fr\/\" \/>\n<meta property=\"og:locale\" content=\"fr_FR\" \/>\n<meta property=\"og:type\" content=\"article\" \/>\n<meta property=\"og:title\" content=\"SUITE AUTOMOBILE DIJON - Suite Automobile Dijon\" \/>\n<meta property=\"og:description\" content=\"vendre acheter voiture occasion dijon\" \/>\n<meta property=\"og:url\" content=\"https:\/\/www.suiteautomobile.fr\/\" \/>\n<meta property=\"og:site_name\" content=\"Suite Automobile Dijon\" \/>\n<meta property=\"article:modified_time\" content=\"2026-03-03T17:18:02+00:00\" \/>\n<meta property=\"og:image\" content=\"https:\/\/www.suiteautomobile.fr\/wp-content\/uploads\/2025\/12\/Logo-suite-automobile-reduit.png\" \/>\n\t<meta property=\"og:image:width\" content=\"1956\" \/>\n\t<meta property=\"og:image:height\" content=\"1028\" \/>\n\t<meta property=\"og:image:type\" content=\"image\/png\" \/>\n<meta name=\"twitter:card\" content=\"summary_large_image\" \/>\n<meta name=\"twitter:label1\" content=\"Dur\u00e9e de lecture estim\u00e9e\" \/>\n\t<meta name=\"twitter:data1\" content=\"3 minutes\" \/>\n<script type=\"application\/ld+json\" class=\"yoast-schema-graph\">{\"@context\":\"https:\/\/schema.org\",\"@graph\":[{\"@type\":\"WebPage\",\"@id\":\"https:\/\/www.suiteautomobile.fr\/\",\"url\":\"https:\/\/www.suiteautomobile.fr\/\",\"name\":\"SUITE AUTOMOBILE DIJON - Suite Automobile Dijon\",\"isPartOf\":{\"@id\":\"https:\/\/www.suiteautomobile.fr\/#website\"},\"primaryImageOfPage\":{\"@id\":\"https:\/\/www.suiteautomobile.fr\/#primaryimage\"},\"image\":{\"@id\":\"https:\/\/www.suiteautomobile.fr\/#primaryimage\"},\"thumbnailUrl\":\"https:\/\/www.suiteautomobile.fr\/wp-content\/uploads\/2025\/12\/Logo-suite-automobile-reduit-1024x538.png\",\"datePublished\":\"2025-09-02T10:25:18+00:00\",\"dateModified\":\"2026-03-03T17:18:02+00:00\",\"description\":\"vendre acheter voiture occasion dijon\",\"breadcrumb\":{\"@id\":\"https:\/\/www.suiteautomobile.fr\/#breadcrumb\"},\"inLanguage\":\"fr-FR\",\"potentialAction\":[{\"@type\":\"ReadAction\",\"target\":[\"https:\/\/www.suiteautomobile.fr\/\"]}]},{\"@type\":\"ImageObject\",\"inLanguage\":\"fr-FR\",\"@id\":\"https:\/\/www.suiteautomobile.fr\/#primaryimage\",\"url\":\"https:\/\/www.suiteautomobile.fr\/wp-content\/uploads\/2025\/12\/Logo-suite-automobile-reduit.png\",\"contentUrl\":\"https:\/\/www.suiteautomobile.fr\/wp-content\/uploads\/2025\/12\/Logo-suite-automobile-reduit.png\",\"width\":1956,\"height\":1028},{\"@type\":\"BreadcrumbList\",\"@id\":\"https:\/\/www.suiteautomobile.fr\/#breadcrumb\",\"itemListElement\":[{\"@type\":\"ListItem\",\"position\":1,\"name\":\"Accueil\",\"item\":\"https:\/\/www.suiteautomobile.fr\/\"},{\"@type\":\"ListItem\",\"position\":2,\"name\":\"SUITE AUTOMOBILE DIJON\"}]},{\"@type\":\"WebSite\",\"@id\":\"https:\/\/www.suiteautomobile.fr\/#website\",\"url\":\"https:\/\/www.suiteautomobile.fr\/\",\"name\":\"Suite Automobile\",\"description\":\"\",\"potentialAction\":[{\"@type\":\"SearchAction\",\"target\":{\"@type\":\"EntryPoint\",\"urlTemplate\":\"https:\/\/www.suiteautomobile.fr\/?s={search_term_string}\"},\"query-input\":{\"@type\":\"PropertyValueSpecification\",\"valueRequired\":true,\"valueName\":\"search_term_string\"}}],\"inLanguage\":\"fr-FR\"}]}<\/script>\n<!-- \/ Yoast SEO plugin. -->","yoast_head_json":{"title":"SUITE AUTOMOBILE DIJON - Suite Automobile Dijon","description":"vendre acheter voiture occasion dijon","robots":{"index":"index","follow":"follow","max-snippet":"max-snippet:-1","max-image-preview":"max-image-preview:large","max-video-preview":"max-video-preview:-1"},"canonical":"https:\/\/www.suiteautomobile.fr\/","og_locale":"fr_FR","og_type":"article","og_title":"SUITE AUTOMOBILE DIJON - Suite Automobile Dijon","og_description":"vendre acheter voiture occasion dijon","og_url":"https:\/\/www.suiteautomobile.fr\/","og_site_name":"Suite Automobile Dijon","article_modified_time":"2026-03-03T17:18:02+00:00","og_image":[{"width":1956,"height":1028,"url":"https:\/\/www.suiteautomobile.fr\/wp-content\/uploads\/2025\/12\/Logo-suite-automobile-reduit.png","type":"image\/png"}],"twitter_card":"summary_large_image","twitter_misc":{"Dur\u00e9e de lecture estim\u00e9e":"3 minutes"},"schema":{"@context":"https:\/\/schema.org","@graph":[{"@type":"WebPage","@id":"https:\/\/www.suiteautomobile.fr\/","url":"https:\/\/www.suiteautomobile.fr\/","name":"SUITE AUTOMOBILE DIJON - Suite Automobile Dijon","isPartOf":{"@id":"https:\/\/www.suiteautomobile.fr\/#website"},"primaryImageOfPage":{"@id":"https:\/\/www.suiteautomobile.fr\/#primaryimage"},"image":{"@id":"https:\/\/www.suiteautomobile.fr\/#primaryimage"},"thumbnailUrl":"https:\/\/www.suiteautomobile.fr\/wp-content\/uploads\/2025\/12\/Logo-suite-automobile-reduit-1024x538.png","datePublished":"2025-09-02T10:25:18+00:00","dateModified":"2026-03-03T17:18:02+00:00","description":"vendre acheter voiture occasion dijon","breadcrumb":{"@id":"https:\/\/www.suiteautomobile.fr\/#breadcrumb"},"inLanguage":"fr-FR","potentialAction":[{"@type":"ReadAction","target":["https:\/\/www.suiteautomobile.fr\/"]}]},{"@type":"ImageObject","inLanguage":"fr-FR","@id":"https:\/\/www.suiteautomobile.fr\/#primaryimage","url":"https:\/\/www.suiteautomobile.fr\/wp-content\/uploads\/2025\/12\/Logo-suite-automobile-reduit.png","contentUrl":"https:\/\/www.suiteautomobile.fr\/wp-content\/uploads\/2025\/12\/Logo-suite-automobile-reduit.png","width":1956,"height":1028},{"@type":"BreadcrumbList","@id":"https:\/\/www.suiteautomobile.fr\/#breadcrumb","itemListElement":[{"@type":"ListItem","position":1,"name":"Accueil","item":"https:\/\/www.suiteautomobile.fr\/"},{"@type":"ListItem","position":2,"name":"SUITE AUTOMOBILE DIJON"}]},{"@type":"WebSite","@id":"https:\/\/www.suiteautomobile.fr\/#website","url":"https:\/\/www.suiteautomobile.fr\/","name":"Suite Automobile","description":"","potentialAction":[{"@type":"SearchAction","target":{"@type":"EntryPoint","urlTemplate":"https:\/\/www.suiteautomobile.fr\/?s={search_term_string}"},"query-input":{"@type":"PropertyValueSpecification","valueRequired":true,"valueName":"search_term_string"}}],"inLanguage":"fr-FR"}]}},"_links":{"self":[{"href":"https:\/\/www.suiteautomobile.fr\/index.php\/wp-json\/wp\/v2\/pages\/9","targetHints":{"allow":["GET"]}}],"collection":[{"href":"https:\/\/www.suiteautomobile.fr\/index.php\/wp-json\/wp\/v2\/pages"}],"about":[{"href":"https:\/\/www.suiteautomobile.fr\/index.php\/wp-json\/wp\/v2\/types\/page"}],"author":[{"embeddable":true,"href":"https:\/\/www.suiteautomobile.fr\/index.php\/wp-json\/wp\/v2\/users\/1"}],"replies":[{"embeddable":true,"href":"https:\/\/www.suiteautomobile.fr\/index.php\/wp-json\/wp\/v2\/comments?post=9"}],"version-history":[{"count":35,"href":"https:\/\/www.suiteautomobile.fr\/index.php\/wp-json\/wp\/v2\/pages\/9\/revisions"}],"predecessor-version":[{"id":161,"href":"https:\/\/www.suiteautomobile.fr\/index.php\/wp-json\/wp\/v2\/pages\/9\/revisions\/161"}],"wp:attachment":[{"href":"https:\/\/www.suiteautomobile.fr\/index.php\/wp-json\/wp\/v2\/media?parent=9"}],"curies":[{"name":"wp","href":"https:\/\/api.w.org\/{rel}","templated":true}]}}